
{"id":593,"date":"2019-01-02T13:41:08","date_gmt":"2019-01-02T12:41:08","guid":{"rendered":"http:\/\/www.novogradnje-maribor.si\/novi-vrtovi\/?page_id=593"},"modified":"2026-03-02T10:24:43","modified_gmt":"2026-03-02T09:24:43","slug":"objekt","status":"publish","type":"page","link":"https:\/\/novogradnje-maribor.si\/rezidenca-monsberg\/objekt\/","title":{"rendered":"OBJEKT"},"content":{"rendered":"<p><div class=\"fusion-fullwidth fullwidth-box fusion-builder-row-1 fusion-flex-container has-pattern-background has-mask-background fusion-parallax-none nonhundred-percent-fullwidth non-hundred-percent-height-scrolling lazyload\" style=\"--awb-border-radius-top-left:0px;--awb-border-radius-top-right:0px;--awb-border-radius-bottom-right:0px;--awb-border-radius-bottom-left:0px;--awb-padding-top:0px;--awb-margin-top:0px;--awb-min-height:200px;--awb-background-size:cover;--awb-flex-wrap:wrap;\" data-bg=\"https:\/\/novogradnje-maribor.si\/rezidenca-monsberg\/wp-content\/uploads\/2026\/02\/Rezidenca-monsberg-majsperk-novogradnje-maribor-stanovanje-eksterior-zunanjost-3.jpg\" ><div class=\"fusion-builder-row fusion-row fusion-flex-align-items-flex-end fusion-flex-justify-content-center fusion-flex-content-wrap\" style=\"max-width:1237.6px;margin-left: calc(-4% \/ 2 );margin-right: calc(-4% \/ 2 );\"><div class=\"fusion-layout-column fusion_builder_column fusion-builder-column-0 fusion_builder_column_1_2 1_2 fusion-flex-column\" style=\"--awb-padding-top:10px;--awb-padding-bottom:10px;--awb-bg-color:#4f4a47;--awb-bg-color-hover:#4f4a47;--awb-bg-size:cover;--awb-width-large:50%;--awb-margin-top-large:0px;--awb-spacing-right-large:3.84%;--awb-margin-bottom-large:0px;--awb-spacing-left-large:3.84%;--awb-width-medium:60%;--awb-order-medium:0;--awb-spacing-right-medium:3.2%;--awb-spacing-left-medium:3.2%;--awb-width-small:100%;--awb-order-small:0;--awb-spacing-right-small:1.92%;--awb-spacing-left-small:1.92%;\" data-scroll-devices=\"small-visibility,medium-visibility,large-visibility\"><div class=\"fusion-column-wrapper fusion-column-has-shadow fusion-flex-justify-content-flex-start fusion-content-layout-column\"><div class=\"fusion-text fusion-text-1\"><h1 style=\"text-align: center; font-style: normal;\"><span style=\"color: #ddc2a4;\">Objekt<br \/>\n<\/span><\/h1>\n<\/div><\/div><\/div><\/div><\/div><div class=\"fusion-fullwidth fullwidth-box fusion-builder-row-2 fusion-flex-container has-pattern-background has-mask-background nonhundred-percent-fullwidth non-hundred-percent-height-scrolling\" style=\"--awb-border-radius-top-left:0px;--awb-border-radius-top-right:0px;--awb-border-radius-bottom-right:0px;--awb-border-radius-bottom-left:0px;--awb-flex-wrap:wrap;\" ><div class=\"fusion-builder-row fusion-row fusion-flex-align-items-flex-start fusion-flex-content-wrap\" style=\"max-width:1237.6px;margin-left: calc(-4% \/ 2 );margin-right: calc(-4% \/ 2 );\"><div class=\"fusion-layout-column fusion_builder_column fusion-builder-column-1 fusion_builder_column_1_1 1_1 fusion-flex-column\" style=\"--awb-bg-size:cover;--awb-width-large:100%;--awb-margin-top-large:0px;--awb-spacing-right-large:1.92%;--awb-margin-bottom-large:20px;--awb-spacing-left-large:1.92%;--awb-width-medium:100%;--awb-order-medium:0;--awb-spacing-right-medium:1.92%;--awb-spacing-left-medium:1.92%;--awb-width-small:100%;--awb-order-small:0;--awb-spacing-right-small:1.92%;--awb-spacing-left-small:1.92%;\"><div class=\"fusion-column-wrapper fusion-column-has-shadow fusion-flex-justify-content-flex-start fusion-content-layout-column\"><\/div><\/div><\/div><\/div><div class=\"fusion-fullwidth fullwidth-box fusion-builder-row-3 nonhundred-percent-fullwidth non-hundred-percent-height-scrolling\" style=\"--awb-border-radius-top-left:0px;--awb-border-radius-top-right:0px;--awb-border-radius-bottom-right:0px;--awb-border-radius-bottom-left:0px;--awb-padding-bottom:70px;--awb-flex-wrap:wrap;\" ><div class=\"fusion-builder-row fusion-row\"><div class=\"fusion-layout-column fusion_builder_column fusion-builder-column-2 fusion_builder_column_1_1 1_1 fusion-one-full fusion-column-first fusion-column-last uvod\" style=\"--awb-bg-blend:overlay;--awb-bg-size:cover;\"><div class=\"fusion-column-wrapper fusion-flex-column-wrapper-legacy\"><div class=\"fusion-text fusion-text-2\"><h1 style=\"text-align: center;\"><span style=\"color: #d0b194;\">PODROBNE INFORMACIJE<\/span><\/h1>\n<\/div><div class=\"fusion-clearfix\"><\/div><\/div><\/div><div class=\"fusion-layout-column fusion_builder_column fusion-builder-column-3 fusion_builder_column_1_1 1_1 fusion-one-full fusion-column-first fusion-column-last prednosti\" style=\"--awb-bg-blend:overlay;--awb-bg-size:cover;\"><div class=\"fusion-column-wrapper fusion-flex-column-wrapper-legacy\"><div class=\"fusion-sep-clear\"><\/div><div class=\"fusion-separator\" style=\"margin-left: auto;margin-right: auto;margin-top:26px;margin-bottom:26px;width:100%;max-width:100px;\"><div class=\"fusion-separator-border sep-single sep-solid\" style=\"--awb-height:20px;--awb-amount:20px;--awb-sep-color:#d0b194;border-color:#d0b194;border-top-width:3px;\"><\/div><\/div><div class=\"fusion-sep-clear\"><\/div><div class=\"fusion-text fusion-text-3\"><h4><strong>KONSTRUKCIJA IN MATERIALI<\/strong><\/h4>\n<p>Za gradnjo sta uporabljena armiranobetonska konstrukcija in ope\u010dne stene, kar zagotavlja trdnost in trajnost objektov. Fasada je toplotno izolirana z najmanj 15 cm izolacije, kar omogo\u010da energetsko u\u010dinkovito bivanje.<\/p>\n<ul>\n<li><strong>Okna in vrata<\/strong>: PVC okna s troslojnim termoizolacijskim steklom zagotavljajo odli\u010dno toplotno in zvo\u010dno izolacijo. ALU zunanje \u017ealuzije na elektri\u010dni pogon omogo\u010dajo prilagoditev svetlobe in zasebnosti. Vhodna vrata v stanovanja so protivlomna, po\u017earno odporna in dobro zvo\u010dno izolirana.<\/li>\n<li><strong>Streha<\/strong>: Ravna streha z ve\u010dslojno izolacijo in hidroizolacijo zagotavlja trajnost in odpornost na vremenske vplive.<\/li>\n<li><strong>Tlaki in obdelave<\/strong>: Stanovanja so opremljena s kakovostnimi parketi in kerami\u010dnimi oblogami v sanitarnih prostorih. Stene so kitane in pobarvane v svetlih tonih, kar omogo\u010da prijeten ambient.<\/li>\n<\/ul>\n<h4><strong>SKUPNI PROSTORI IN PARKIRI\u0160\u010cA<\/strong><\/h4>\n<p>Vsako komunikacijsko jedro ima dvigalo, ki povezuje klet in vse stanovanjske eta\u017ee, kar zagotavlja udobje za vse stanovalce. Parkiranje je urejeno v kletni eta\u017ei, kjer so parkirna mesta za stanovalce, s predvideno mo\u017enostjo namestitve elektri\u010dnih polnilnic. Dodatna parkirna mesta so urejena na za to predvidenih mestih za obiskovalce.<\/p>\n<p>Skupni prostori vklju\u010dujejo urejene hodnike, stopni\u0161\u010da in kletne shrambe, ki nudijo dodatni prostor za shranjevanje. V kleti so tudi tehni\u010dni prostori in gara\u017ee, dostopne prek dvi\u017enih sekcijskih vrat, ki se upravljajo z daljinskim upravljalnikom ali kartico.<\/p>\n<h4><strong>OGREVANJE IN INSTALACIJE<\/strong><\/h4>\n<p>Vsako stanovanje je opremljeno s sodobnim sistemom ogrevanja prek toplotne \u010drpalke, ki omogo\u010da talno gretje v vseh prostorih. To zagotavlja enakomerno porazdelitev toplote in energetsko var\u010dno bivanje.<\/p>\n<p>Hlajenje je predvideno z mo\u017enostjo vgradnje klimatskih naprav, pri \u010demer je v stanovanjih \u017ee izvedena predpriprava za monta\u017eo klimatske naprave.<\/p>\n<ul>\n<li><strong>Elektroin\u0161talacije<\/strong>: Vsaka enota ima lo\u010den \u0161tevec elektri\u010dne energije in vode, kar omogo\u010da natan\u010den nadzor nad porabo. Elektri\u010dne \u017ealuzije in mo\u017enost\u00a0 upravljanja prispeva k sodobnemu bivanju.<\/li>\n<li><strong>Vodovod in kanalizacija<\/strong>: Priklju\u010dki na javno vodovodno in kanalizacijsko omre\u017eje zagotavljajo zanesljivo oskrbo s \u010disto vodo in varno odvajanje odpadnih voda.<\/li>\n<\/ul>\n<h4><strong>ZUNANJA UREDITEV<\/strong><\/h4>\n<p>Okolica objektov je skrbno na\u010drtovana z zelenimi povr\u0161inami, urejenimi pe\u0161potmi in dostopnimi cestami. Predvidena je zatravitev povr\u0161ine po izgradnji, ki bo izbolj\u0161ala celostno podobo in pripomogle k prijetnemu bivalnemu okolju.<\/p>\n<p>V neposredni bli\u017eini stavb se nahajajo smetarniki za lo\u010deno zbiranje odpadkov, kar omogo\u010da trajnostno ravnanje z odpadki.<\/p>\n<p>Povozne povr\u0161ine so urejene z asfaltom in betonskimi tlakovci, pe\u0161poti pa zagotavljajo varen in enostaven dostop do vhodov objektov.<\/p>\n<\/div><div class=\"fusion-clearfix\"><\/div><\/div><\/div><\/div><\/div><div class=\"fusion-fullwidth fullwidth-box fusion-builder-row-4 hundred-percent-fullwidth non-hundred-percent-height-scrolling\" style=\"--awb-border-radius-top-left:0px;--awb-border-radius-top-right:0px;--awb-border-radius-bottom-right:0px;--awb-border-radius-bottom-left:0px;--awb-padding-right:0px;--awb-padding-left:0px;--awb-margin-top:-29px;--awb-flex-wrap:wrap;\" ><div class=\"fusion-builder-row fusion-row\"><div class=\"fusion-layout-column fusion_builder_column fusion-builder-column-4 fusion_builder_column_1_1 1_1 fusion-one-full fusion-column-first fusion-column-last\" style=\"--awb-bg-blend:overlay;--awb-bg-size:cover;--awb-margin-bottom:0PX;\"><div class=\"fusion-column-wrapper fusion-flex-column-wrapper-legacy\"><div class=\"fusion-image-carousel fusion-image-carousel-auto fusion-image-carousel-1 lightbox-enabled\"><div class=\"awb-carousel awb-swiper awb-swiper-carousel awb-carousel--carousel awb-swiper-dots-position-bottom\" data-layout=\"carousel\" data-autoplay=\"yes\" data-autoplayspeed=\"2800\" data-autoplaypause=\"no\" data-columns=\"3\" data-columnsmedium=\"1\" data-columnssmall=\"1\" data-itemmargin=\"10\" data-itemwidth=\"180\" data-touchscroll=\"no\" data-freemode=\"no\" data-imagesize=\"auto\" data-scrollitems=\"0\" data-centeredslides=\"no\" data-rotationangle=\"50\" data-depth=\"100\" data-speed=\"500\" data-shadow=\"no\" data-pagination=\"bullets\" style=\"--awb-columns:3;--awb-column-spacing:10px;--awb-dots-align:center;\"><div class=\"swiper-wrapper awb-image-carousel-wrapper fusion-flex-align-items-center\"><div class=\"swiper-slide\"><div class=\"fusion-carousel-item-wrapper\"><div class=\"fusion-image-wrapper hover-type-none\"><a data-rel=\"iLightbox[image_carousel_1]\" data-title=\"Rezidenca monsberg majsperk novogradnje maribor stanovanje eksterior zunanjost-5\" aria-label=\"Rezidenca monsberg majsperk novogradnje maribor stanovanje eksterior zunanjost-5\" href=\"https:\/\/novogradnje-maribor.si\/rezidenca-monsberg\/wp-content\/uploads\/2026\/02\/Rezidenca-monsberg-majsperk-novogradnje-maribor-stanovanje-eksterior-zunanjost-5-1-1024x687.jpg\" target=\"_self\"><img decoding=\"async\" width=\"2528\" height=\"1696\" src=\"https:\/\/novogradnje-maribor.si\/rezidenca-monsberg\/wp-content\/uploads\/2026\/02\/Rezidenca-monsberg-majsperk-novogradnje-maribor-stanovanje-eksterior-zunanjost-5-1.jpg\" class=\"attachment-full size-full lazyload\" alt=\"\" srcset=\"data:image\/svg+xml,%3Csvg%20xmlns%3D%27http%3A%2F%2Fwww.w3.org%2F2000%2Fsvg%27%20width%3D%272528%27%20height%3D%271696%27%20viewBox%3D%270%200%202528%201696%27%3E%3Crect%20width%3D%272528%27%20height%3D%271696%27%20fill-opacity%3D%220%22%2F%3E%3C%2Fsvg%3E\" data-orig-src=\"https:\/\/novogradnje-maribor.si\/rezidenca-monsberg\/wp-content\/uploads\/2026\/02\/Rezidenca-monsberg-majsperk-novogradnje-maribor-stanovanje-eksterior-zunanjost-5-1.jpg\" data-srcset=\"https:\/\/novogradnje-maribor.si\/rezidenca-monsberg\/wp-content\/uploads\/2026\/02\/Rezidenca-monsberg-majsperk-novogradnje-maribor-stanovanje-eksterior-zunanjost-5-1-200x134.jpg 200w, https:\/\/novogradnje-maribor.si\/rezidenca-monsberg\/wp-content\/uploads\/2026\/02\/Rezidenca-monsberg-majsperk-novogradnje-maribor-stanovanje-eksterior-zunanjost-5-1-400x268.jpg 400w, https:\/\/novogradnje-maribor.si\/rezidenca-monsberg\/wp-content\/uploads\/2026\/02\/Rezidenca-monsberg-majsperk-novogradnje-maribor-stanovanje-eksterior-zunanjost-5-1-600x403.jpg 600w, https:\/\/novogradnje-maribor.si\/rezidenca-monsberg\/wp-content\/uploads\/2026\/02\/Rezidenca-monsberg-majsperk-novogradnje-maribor-stanovanje-eksterior-zunanjost-5-1-800x537.jpg 800w, https:\/\/novogradnje-maribor.si\/rezidenca-monsberg\/wp-content\/uploads\/2026\/02\/Rezidenca-monsberg-majsperk-novogradnje-maribor-stanovanje-eksterior-zunanjost-5-1-1200x805.jpg 1200w, https:\/\/novogradnje-maribor.si\/rezidenca-monsberg\/wp-content\/uploads\/2026\/02\/Rezidenca-monsberg-majsperk-novogradnje-maribor-stanovanje-eksterior-zunanjost-5-1.jpg 2528w\" data-sizes=\"auto\" \/><\/a><\/div><\/div><\/div><div class=\"swiper-slide\"><div class=\"fusion-carousel-item-wrapper\"><div class=\"fusion-image-wrapper hover-type-none\"><a data-rel=\"iLightbox[image_carousel_1]\" data-title=\"Rezidenca monsberg majsperk Novogradnje Maribor Pixel Studio-2\" aria-label=\"Rezidenca monsberg majsperk Novogradnje Maribor Pixel Studio-2\" href=\"https:\/\/novogradnje-maribor.si\/rezidenca-monsberg\/wp-content\/uploads\/2026\/02\/Rezidenca-monsberg-majsperk-Novogradnje-Maribor-Pixel-Studio-2-1024x687.jpg\" target=\"_self\"><img decoding=\"async\" width=\"2560\" height=\"1717\" src=\"https:\/\/novogradnje-maribor.si\/rezidenca-monsberg\/wp-content\/uploads\/2026\/02\/Rezidenca-monsberg-majsperk-Novogradnje-Maribor-Pixel-Studio-2-scaled.jpg\" class=\"attachment-full size-full lazyload\" alt=\"\" srcset=\"data:image\/svg+xml,%3Csvg%20xmlns%3D%27http%3A%2F%2Fwww.w3.org%2F2000%2Fsvg%27%20width%3D%272560%27%20height%3D%271717%27%20viewBox%3D%270%200%202560%201717%27%3E%3Crect%20width%3D%272560%27%20height%3D%271717%27%20fill-opacity%3D%220%22%2F%3E%3C%2Fsvg%3E\" data-orig-src=\"https:\/\/novogradnje-maribor.si\/rezidenca-monsberg\/wp-content\/uploads\/2026\/02\/Rezidenca-monsberg-majsperk-Novogradnje-Maribor-Pixel-Studio-2-scaled.jpg\" data-srcset=\"https:\/\/novogradnje-maribor.si\/rezidenca-monsberg\/wp-content\/uploads\/2026\/02\/Rezidenca-monsberg-majsperk-Novogradnje-Maribor-Pixel-Studio-2-200x134.jpg 200w, https:\/\/novogradnje-maribor.si\/rezidenca-monsberg\/wp-content\/uploads\/2026\/02\/Rezidenca-monsberg-majsperk-Novogradnje-Maribor-Pixel-Studio-2-400x268.jpg 400w, https:\/\/novogradnje-maribor.si\/rezidenca-monsberg\/wp-content\/uploads\/2026\/02\/Rezidenca-monsberg-majsperk-Novogradnje-Maribor-Pixel-Studio-2-600x403.jpg 600w, https:\/\/novogradnje-maribor.si\/rezidenca-monsberg\/wp-content\/uploads\/2026\/02\/Rezidenca-monsberg-majsperk-Novogradnje-Maribor-Pixel-Studio-2-800x537.jpg 800w, https:\/\/novogradnje-maribor.si\/rezidenca-monsberg\/wp-content\/uploads\/2026\/02\/Rezidenca-monsberg-majsperk-Novogradnje-Maribor-Pixel-Studio-2-1200x805.jpg 1200w, https:\/\/novogradnje-maribor.si\/rezidenca-monsberg\/wp-content\/uploads\/2026\/02\/Rezidenca-monsberg-majsperk-Novogradnje-Maribor-Pixel-Studio-2-scaled.jpg 2560w\" data-sizes=\"auto\" \/><\/a><\/div><\/div><\/div><div class=\"swiper-slide\"><div class=\"fusion-carousel-item-wrapper\"><div class=\"fusion-image-wrapper hover-type-none\"><a data-rel=\"iLightbox[image_carousel_1]\" data-title=\"Rezidenca monsberg majsperk novogradnje maribor stanovanje eksterior zunanjost-4\" aria-label=\"Rezidenca monsberg majsperk novogradnje maribor stanovanje eksterior zunanjost-4\" href=\"https:\/\/novogradnje-maribor.si\/rezidenca-monsberg\/wp-content\/uploads\/2026\/02\/Rezidenca-monsberg-majsperk-novogradnje-maribor-stanovanje-eksterior-zunanjost-4-1024x687.jpg\" target=\"_self\"><img decoding=\"async\" width=\"2528\" height=\"1696\" src=\"https:\/\/novogradnje-maribor.si\/rezidenca-monsberg\/wp-content\/uploads\/2026\/02\/Rezidenca-monsberg-majsperk-novogradnje-maribor-stanovanje-eksterior-zunanjost-4.jpg\" class=\"attachment-full size-full lazyload\" alt=\"\" srcset=\"data:image\/svg+xml,%3Csvg%20xmlns%3D%27http%3A%2F%2Fwww.w3.org%2F2000%2Fsvg%27%20width%3D%272528%27%20height%3D%271696%27%20viewBox%3D%270%200%202528%201696%27%3E%3Crect%20width%3D%272528%27%20height%3D%271696%27%20fill-opacity%3D%220%22%2F%3E%3C%2Fsvg%3E\" data-orig-src=\"https:\/\/novogradnje-maribor.si\/rezidenca-monsberg\/wp-content\/uploads\/2026\/02\/Rezidenca-monsberg-majsperk-novogradnje-maribor-stanovanje-eksterior-zunanjost-4.jpg\" data-srcset=\"https:\/\/novogradnje-maribor.si\/rezidenca-monsberg\/wp-content\/uploads\/2026\/02\/Rezidenca-monsberg-majsperk-novogradnje-maribor-stanovanje-eksterior-zunanjost-4-200x134.jpg 200w, https:\/\/novogradnje-maribor.si\/rezidenca-monsberg\/wp-content\/uploads\/2026\/02\/Rezidenca-monsberg-majsperk-novogradnje-maribor-stanovanje-eksterior-zunanjost-4-400x268.jpg 400w, https:\/\/novogradnje-maribor.si\/rezidenca-monsberg\/wp-content\/uploads\/2026\/02\/Rezidenca-monsberg-majsperk-novogradnje-maribor-stanovanje-eksterior-zunanjost-4-600x403.jpg 600w, https:\/\/novogradnje-maribor.si\/rezidenca-monsberg\/wp-content\/uploads\/2026\/02\/Rezidenca-monsberg-majsperk-novogradnje-maribor-stanovanje-eksterior-zunanjost-4-800x537.jpg 800w, https:\/\/novogradnje-maribor.si\/rezidenca-monsberg\/wp-content\/uploads\/2026\/02\/Rezidenca-monsberg-majsperk-novogradnje-maribor-stanovanje-eksterior-zunanjost-4-1200x805.jpg 1200w, https:\/\/novogradnje-maribor.si\/rezidenca-monsberg\/wp-content\/uploads\/2026\/02\/Rezidenca-monsberg-majsperk-novogradnje-maribor-stanovanje-eksterior-zunanjost-4.jpg 2528w\" data-sizes=\"auto\" \/><\/a><\/div><\/div><\/div><div class=\"swiper-slide\"><div class=\"fusion-carousel-item-wrapper\"><div class=\"fusion-image-wrapper hover-type-none\"><a data-rel=\"iLightbox[image_carousel_1]\" data-title=\"Rezidenca monsberg majsperk Novogradnje Maribor Pixel Studio-11\" aria-label=\"Rezidenca monsberg majsperk Novogradnje Maribor Pixel Studio-11\" href=\"https:\/\/novogradnje-maribor.si\/rezidenca-monsberg\/wp-content\/uploads\/2026\/02\/Rezidenca-monsberg-majsperk-Novogradnje-Maribor-Pixel-Studio-11-1024x687.jpg\" target=\"_self\"><img decoding=\"async\" width=\"2560\" height=\"1717\" src=\"https:\/\/novogradnje-maribor.si\/rezidenca-monsberg\/wp-content\/uploads\/2026\/02\/Rezidenca-monsberg-majsperk-Novogradnje-Maribor-Pixel-Studio-11-scaled.jpg\" class=\"attachment-full size-full lazyload\" alt=\"\" srcset=\"data:image\/svg+xml,%3Csvg%20xmlns%3D%27http%3A%2F%2Fwww.w3.org%2F2000%2Fsvg%27%20width%3D%272560%27%20height%3D%271717%27%20viewBox%3D%270%200%202560%201717%27%3E%3Crect%20width%3D%272560%27%20height%3D%271717%27%20fill-opacity%3D%220%22%2F%3E%3C%2Fsvg%3E\" data-orig-src=\"https:\/\/novogradnje-maribor.si\/rezidenca-monsberg\/wp-content\/uploads\/2026\/02\/Rezidenca-monsberg-majsperk-Novogradnje-Maribor-Pixel-Studio-11-scaled.jpg\" data-srcset=\"https:\/\/novogradnje-maribor.si\/rezidenca-monsberg\/wp-content\/uploads\/2026\/02\/Rezidenca-monsberg-majsperk-Novogradnje-Maribor-Pixel-Studio-11-200x134.jpg 200w, https:\/\/novogradnje-maribor.si\/rezidenca-monsberg\/wp-content\/uploads\/2026\/02\/Rezidenca-monsberg-majsperk-Novogradnje-Maribor-Pixel-Studio-11-400x268.jpg 400w, https:\/\/novogradnje-maribor.si\/rezidenca-monsberg\/wp-content\/uploads\/2026\/02\/Rezidenca-monsberg-majsperk-Novogradnje-Maribor-Pixel-Studio-11-600x403.jpg 600w, https:\/\/novogradnje-maribor.si\/rezidenca-monsberg\/wp-content\/uploads\/2026\/02\/Rezidenca-monsberg-majsperk-Novogradnje-Maribor-Pixel-Studio-11-800x537.jpg 800w, https:\/\/novogradnje-maribor.si\/rezidenca-monsberg\/wp-content\/uploads\/2026\/02\/Rezidenca-monsberg-majsperk-Novogradnje-Maribor-Pixel-Studio-11-1200x805.jpg 1200w, https:\/\/novogradnje-maribor.si\/rezidenca-monsberg\/wp-content\/uploads\/2026\/02\/Rezidenca-monsberg-majsperk-Novogradnje-Maribor-Pixel-Studio-11-scaled.jpg 2560w\" data-sizes=\"auto\" \/><\/a><\/div><\/div><\/div><div class=\"swiper-slide\"><div class=\"fusion-carousel-item-wrapper\"><div class=\"fusion-image-wrapper hover-type-none\"><a data-rel=\"iLightbox[image_carousel_1]\" data-title=\"Rezidenca monsberg majsperk novogradnje maribor stanovanje eksterior zunanjost\" aria-label=\"Rezidenca monsberg majsperk novogradnje maribor stanovanje eksterior zunanjost\" href=\"https:\/\/novogradnje-maribor.si\/rezidenca-monsberg\/wp-content\/uploads\/2026\/02\/Rezidenca-monsberg-majsperk-novogradnje-maribor-stanovanje-eksterior-zunanjost-1-1024x687.jpg\" target=\"_self\"><img decoding=\"async\" width=\"2528\" height=\"1696\" src=\"https:\/\/novogradnje-maribor.si\/rezidenca-monsberg\/wp-content\/uploads\/2026\/02\/Rezidenca-monsberg-majsperk-novogradnje-maribor-stanovanje-eksterior-zunanjost-1.jpg\" class=\"attachment-full size-full lazyload\" alt=\"\" srcset=\"data:image\/svg+xml,%3Csvg%20xmlns%3D%27http%3A%2F%2Fwww.w3.org%2F2000%2Fsvg%27%20width%3D%272528%27%20height%3D%271696%27%20viewBox%3D%270%200%202528%201696%27%3E%3Crect%20width%3D%272528%27%20height%3D%271696%27%20fill-opacity%3D%220%22%2F%3E%3C%2Fsvg%3E\" data-orig-src=\"https:\/\/novogradnje-maribor.si\/rezidenca-monsberg\/wp-content\/uploads\/2026\/02\/Rezidenca-monsberg-majsperk-novogradnje-maribor-stanovanje-eksterior-zunanjost-1.jpg\" data-srcset=\"https:\/\/novogradnje-maribor.si\/rezidenca-monsberg\/wp-content\/uploads\/2026\/02\/Rezidenca-monsberg-majsperk-novogradnje-maribor-stanovanje-eksterior-zunanjost-1-200x134.jpg 200w, https:\/\/novogradnje-maribor.si\/rezidenca-monsberg\/wp-content\/uploads\/2026\/02\/Rezidenca-monsberg-majsperk-novogradnje-maribor-stanovanje-eksterior-zunanjost-1-400x268.jpg 400w, https:\/\/novogradnje-maribor.si\/rezidenca-monsberg\/wp-content\/uploads\/2026\/02\/Rezidenca-monsberg-majsperk-novogradnje-maribor-stanovanje-eksterior-zunanjost-1-600x403.jpg 600w, https:\/\/novogradnje-maribor.si\/rezidenca-monsberg\/wp-content\/uploads\/2026\/02\/Rezidenca-monsberg-majsperk-novogradnje-maribor-stanovanje-eksterior-zunanjost-1-800x537.jpg 800w, https:\/\/novogradnje-maribor.si\/rezidenca-monsberg\/wp-content\/uploads\/2026\/02\/Rezidenca-monsberg-majsperk-novogradnje-maribor-stanovanje-eksterior-zunanjost-1-1200x805.jpg 1200w, https:\/\/novogradnje-maribor.si\/rezidenca-monsberg\/wp-content\/uploads\/2026\/02\/Rezidenca-monsberg-majsperk-novogradnje-maribor-stanovanje-eksterior-zunanjost-1.jpg 2528w\" data-sizes=\"auto\" \/><\/a><\/div><\/div><\/div><div class=\"swiper-slide\"><div class=\"fusion-carousel-item-wrapper\"><div class=\"fusion-image-wrapper hover-type-none\"><a data-rel=\"iLightbox[image_carousel_1]\" data-title=\"Rezidenca monsberg majsperk Novogradnje Maribor Pixel Studio-7\" aria-label=\"Rezidenca monsberg majsperk Novogradnje Maribor Pixel Studio-7\" href=\"https:\/\/novogradnje-maribor.si\/rezidenca-monsberg\/wp-content\/uploads\/2026\/02\/Rezidenca-monsberg-majsperk-Novogradnje-Maribor-Pixel-Studio-7-1024x687.jpg\" target=\"_self\"><img decoding=\"async\" width=\"2560\" height=\"1717\" src=\"https:\/\/novogradnje-maribor.si\/rezidenca-monsberg\/wp-content\/uploads\/2026\/02\/Rezidenca-monsberg-majsperk-Novogradnje-Maribor-Pixel-Studio-7-scaled.jpg\" class=\"attachment-full size-full lazyload\" alt=\"\" srcset=\"data:image\/svg+xml,%3Csvg%20xmlns%3D%27http%3A%2F%2Fwww.w3.org%2F2000%2Fsvg%27%20width%3D%272560%27%20height%3D%271717%27%20viewBox%3D%270%200%202560%201717%27%3E%3Crect%20width%3D%272560%27%20height%3D%271717%27%20fill-opacity%3D%220%22%2F%3E%3C%2Fsvg%3E\" data-orig-src=\"https:\/\/novogradnje-maribor.si\/rezidenca-monsberg\/wp-content\/uploads\/2026\/02\/Rezidenca-monsberg-majsperk-Novogradnje-Maribor-Pixel-Studio-7-scaled.jpg\" data-srcset=\"https:\/\/novogradnje-maribor.si\/rezidenca-monsberg\/wp-content\/uploads\/2026\/02\/Rezidenca-monsberg-majsperk-Novogradnje-Maribor-Pixel-Studio-7-200x134.jpg 200w, https:\/\/novogradnje-maribor.si\/rezidenca-monsberg\/wp-content\/uploads\/2026\/02\/Rezidenca-monsberg-majsperk-Novogradnje-Maribor-Pixel-Studio-7-400x268.jpg 400w, https:\/\/novogradnje-maribor.si\/rezidenca-monsberg\/wp-content\/uploads\/2026\/02\/Rezidenca-monsberg-majsperk-Novogradnje-Maribor-Pixel-Studio-7-600x403.jpg 600w, https:\/\/novogradnje-maribor.si\/rezidenca-monsberg\/wp-content\/uploads\/2026\/02\/Rezidenca-monsberg-majsperk-Novogradnje-Maribor-Pixel-Studio-7-800x537.jpg 800w, https:\/\/novogradnje-maribor.si\/rezidenca-monsberg\/wp-content\/uploads\/2026\/02\/Rezidenca-monsberg-majsperk-Novogradnje-Maribor-Pixel-Studio-7-1200x805.jpg 1200w, https:\/\/novogradnje-maribor.si\/rezidenca-monsberg\/wp-content\/uploads\/2026\/02\/Rezidenca-monsberg-majsperk-Novogradnje-Maribor-Pixel-Studio-7-scaled.jpg 2560w\" data-sizes=\"auto\" \/><\/a><\/div><\/div><\/div><\/div><div class=\"awb-swiper-button awb-swiper-button-prev\"><i class=\"awb-icon-angle-left\" aria-hidden=\"true\"><\/i><\/div><div class=\"awb-swiper-button awb-swiper-button-next\"><i class=\"awb-icon-angle-right\" aria-hidden=\"true\"><\/i><\/div><\/div><\/div><div class=\"fusion-clearfix\"><\/div><\/div><\/div><\/div><\/div><\/p>\n","protected":false},"excerpt":{"rendered":"","protected":false},"author":11,"featured_media":17928,"parent":0,"menu_order":0,"comment_status":"closed","ping_status":"closed","template":"100-width.php","meta":{"footnotes":""},"class_list":["post-593","page","type-page","status-publish","has-post-thumbnail","hentry"],"acf":[],"_links":{"self":[{"href":"https:\/\/novogradnje-maribor.si\/rezidenca-monsberg\/wp-json\/wp\/v2\/pages\/593","targetHints":{"allow":["GET"]}}],"collection":[{"href":"https:\/\/novogradnje-maribor.si\/rezidenca-monsberg\/wp-json\/wp\/v2\/pages"}],"about":[{"href":"https:\/\/novogradnje-maribor.si\/rezidenca-monsberg\/wp-json\/wp\/v2\/types\/page"}],"author":[{"embeddable":true,"href":"https:\/\/novogradnje-maribor.si\/rezidenca-monsberg\/wp-json\/wp\/v2\/users\/11"}],"replies":[{"embeddable":true,"href":"https:\/\/novogradnje-maribor.si\/rezidenca-monsberg\/wp-json\/wp\/v2\/comments?post=593"}],"version-history":[{"count":19,"href":"https:\/\/novogradnje-maribor.si\/rezidenca-monsberg\/wp-json\/wp\/v2\/pages\/593\/revisions"}],"predecessor-version":[{"id":18960,"href":"https:\/\/novogradnje-maribor.si\/rezidenca-monsberg\/wp-json\/wp\/v2\/pages\/593\/revisions\/18960"}],"wp:featuredmedia":[{"embeddable":true,"href":"https:\/\/novogradnje-maribor.si\/rezidenca-monsberg\/wp-json\/wp\/v2\/media\/17928"}],"wp:attachment":[{"href":"https:\/\/novogradnje-maribor.si\/rezidenca-monsberg\/wp-json\/wp\/v2\/media?parent=593"}],"curies":[{"name":"wp","href":"https:\/\/api.w.org\/{rel}","templated":true}]}}