
{"id":203,"date":"2018-12-10T13:00:57","date_gmt":"2018-12-10T12:00:57","guid":{"rendered":"http:\/\/www.novogradnje-maribor.si\/novi-vrtovi\/?page_id=203"},"modified":"2026-02-04T09:13:12","modified_gmt":"2026-02-04T08:13:12","slug":"politika-zasebnosti-varovanje-osebnih-podatkov-in-piskotki","status":"publish","type":"page","link":"https:\/\/novogradnje-maribor.si\/novi-vrtovi-2\/politika-zasebnosti-varovanje-osebnih-podatkov-in-piskotki\/","title":{"rendered":"Politika zasebnosti, varovanje osebnih podatkov in pi\u0161kotki"},"content":{"rendered":"<div class=\"fusion-fullwidth fullwidth-box fusion-builder-row-1 fusion-flex-container nonhundred-percent-fullwidth non-hundred-percent-height-scrolling\" style=\"--awb-border-radius-top-left:0px;--awb-border-radius-top-right:0px;--awb-border-radius-bottom-right:0px;--awb-border-radius-bottom-left:0px;--awb-flex-wrap:wrap;\" ><div class=\"fusion-builder-row fusion-row fusion-flex-align-items-flex-start fusion-flex-content-wrap\" style=\"max-width:1237.6px;margin-left: calc(-4% \/ 2 );margin-right: calc(-4% \/ 2 );\"><div class=\"fusion-layout-column fusion_builder_column fusion-builder-column-0 fusion_builder_column_1_1 1_1 fusion-flex-column\" style=\"--awb-bg-size:cover;--awb-width-large:100%;--awb-margin-top-large:0px;--awb-spacing-right-large:1.92%;--awb-margin-bottom-large:0px;--awb-spacing-left-large:1.92%;--awb-width-medium:100%;--awb-spacing-right-medium:1.92%;--awb-spacing-left-medium:1.92%;--awb-width-small:100%;--awb-spacing-right-small:1.92%;--awb-spacing-left-small:1.92%;\"><div class=\"fusion-column-wrapper fusion-flex-justify-content-flex-start fusion-content-layout-column\"><div class=\"fusion-text fusion-text-1\"><h3 data-fontsize=\"28\" data-lineheight=\"42\">Kdo smo<\/h3>\n<p>Naslov na\u0161e spletne strani je http:\/\/www.novogradnje-maribor.si\/novi-vrtovi-2<\/p>\n<p><strong>Novogradnje Maribor d.o.o.<br \/><\/strong>Glavni trg 18,<br \/>2000 Maribor<\/p>\n<h3 data-fontsize=\"28\" data-lineheight=\"42\">Katere osebne podatke zbiramo in zakaj? \u2013 Preko pi\u0161kotkov<\/h3>\n<h4 data-fontsize=\"24\" data-lineheight=\"36\">Statistika<\/h4>\n<p><strong>Google Analytics<\/strong><br \/>Na spletni strani uporabljamo servis Google Analytics za vodenje statistike obiska.<\/p>\n<h3 data-fontsize=\"28\" data-lineheight=\"42\">S kom delimo va\u0161e osebne podatke?<\/h3>\n<p>Spletna stran deli va\u0161e podatke o obisku samo s servisom Google Analytics.&nbsp;http:\/\/www.novogradnje-maribor.si\/novi-vrtovi ne deli nobenih drugih podatkov s tretjo osebo.<\/p>\n<h3 data-fontsize=\"28\" data-lineheight=\"42\">Kako dolgo shranjujemo va\u0161e podatke?<\/h3>\n<p>Sami va\u0161ih podatkov ne zbiramo. Va\u0161i podatki se hranijo samo v Google Analyticsu, ki jih zbri\u0161e po dolo\u010denem \u010dasu glede na njihove pravilnike.<\/p>\n<h3 data-fontsize=\"28\" data-lineheight=\"42\">Katere pravice imate glede va\u0161ih podatkov?<\/h3>\n<p>Ker na na\u0161i spletni strani ne shranjujemo va\u0161ih osebnih podatkov ni nobene mo\u017enosti, da bi va\u0161 osebni podatek nekdo zlorabil.<\/p>\n<h3 data-fontsize=\"28\" data-lineheight=\"42\">Kako varujemo va\u0161e podatke?<\/h3>\n<p>Va\u0161e podatki so obdelani preko varnega stre\u017enika, ki gostuje pri ponudniku gostovanja neoserv.si. Ne mi ne ponudnik gostovanja ne shranjuje nobenih va\u0161ih osebnih podatkov.<\/p>\n<h3 data-fontsize=\"28\" data-lineheight=\"42\">Kaj so pi\u0161kotki?<\/h3>\n<p>Pi\u0161kotki so majhne tekstovne datoteke, ki se shranijo na va\u0161 ra\u010dunalnik ob obisku na\u0161ega spletnega mesta in ne \u0161kodijo va\u0161i strojni ali programski opremi.&nbsp;Njihovo shranjevanje je pod popolnim nadzorom brskalnika, ki ga ima uporabnik \u2013 ta lahko&nbsp;<strong>shranjevanje pi\u0161kotkov po \u017eelji omeji ali onemogo\u010di<\/strong>. Pi\u0161kotki&nbsp;niso \u0161kodljivi&nbsp;in&nbsp;so vedno \u010dasovno omejeni.<\/p>\n<p>Uporabo pi\u0161kotkov v Evropski uniji (EU) dolo\u010da&nbsp;<a href=\"https:\/\/eur-lex.europa.eu\/LexUriServ\/LexUriServ.do?uri=CELEX:32002L0058:sl:HTML\">Direktiva o zasebnosti in elektronskih komunikacijah 2002\/58\/ES<\/a>, katere \u010dlen, ki se nana\u0161a na pi\u0161kotke in podobne tehnologije, je bil spremenjen z Direktivo 136\/2009.<\/p>\n<p>V slovenski zakonodaji uporabo pi\u0161kotkov dolo\u010da&nbsp;<a href=\"https:\/\/www.uradni-list.si\/1\/content?id=111442\">Zakon o elektronskih komunikacijah oziroma ZEKom-1 (Uradni list \u0161t. 109\/2012)<\/a>, katerega \u010dlen 157 predstavlja pravno osnovo za skrb za zasebnost uporabnikov spleta.<\/p>\n<h3 data-fontsize=\"28\" data-lineheight=\"42\">Zakaj so pi\u0161kotki potrebni?<\/h3>\n<p>So temeljnega pomena za&nbsp;zagotavljanje uporabniku prijaznih spletnih storitev. Interakcija med spletnim uporabnikom in spletnim mestom je s pomo\u010djo pi\u0161kotkov hitrej\u0161a in enostavnej\u0161a. Z njihovo pomo\u010djo si spletno mesto zapomni posameznikove preference in izku\u0161nje, s tem je prihranjen \u010das, brskanje po spletnih mestih pa bolj u\u010dinkovito in prijazno.<\/p>\n<p>Spletna stran vsakemu uporabniku ob za\u010detku vsakokratne uporabe spletne strani dodeli pi\u0161kotek za identifikacijo, spremljanje nakupovalne ko\u0161arice in zagotavljanje sledljivosti (t.i. \u201ccookie\u201d), ki se v pomnilniku stre\u017enika shranjuje le za \u010das trajanja obiska spletne strani in se izbri\u0161e po eni uri neaktivnosti. Trgovec lahko na osebni ra\u010dunalnik uporabnika shrani tudi nekatere trajne pi\u0161kotke, kot npr. identifikacijska \u0161tevilka uporabnika v \u0161ifrirani obliki za prepoznavanje ob naslednjem obisku spletne strani, , posredno pa tudi pi\u0161kotke zunanje storitve Google Analytics, ki slu\u017eijo analizi obiskov spletnega mesta. Lastnik spletne strani lahko te podatke v anonimizirani sumarni obliki uporabi za namene statisti\u010dnih analiz.<\/p>\n<h3 data-fontsize=\"28\" data-lineheight=\"42\">Nekaj &nbsp;primerov uporabe pi\u0161kotkov:<\/h3>\n<div class=\"well\">\n<ul class=\"unstyled\">\n<li><strong>za bolj\u0161o uporabni\u0161ko izku\u0161njo<\/strong>&nbsp;spletne strani obiskovalcem prilagodimo prikaz vsebine glede na pretekle obiske<\/li>\n<li>za&nbsp;<strong>shranjevanje izbire<\/strong>&nbsp;pri ustvarjanju o\u017ejega izbora naprav in ponudbe ter njihove primerjave<\/li>\n<li>za prepoznavanje va\u0161e naprave (ra\u010dunalnik, tablica, mobitel), ki omogo\u010da&nbsp;<strong>prilagajanje prikaza vsebine va\u0161i napravi<\/strong><\/li>\n<li>za&nbsp;<strong>spremljanje obiska<\/strong>, kar omogo\u010da preverjanje u\u010dinkovitosti prikaza vsebin in ustreznosti oglasov ter stalno izbolj\u0161avo spletnih strani<\/li>\n<li><strong>za delovanje dolo\u010denih storitev so nujni<\/strong>&nbsp;(npr. spletne banke, spletne trgovine in druge oblike e-poslovanja, \u2026)<\/li>\n<\/ul>\n<h3 data-fontsize=\"28\" data-lineheight=\"42\">Onemogo\u010danje pi\u0161kotkov<\/h3>\n<p>Vi odlo\u010dite, ali boste dovolili shranjevanje pi\u0161kotkov na va\u0161i napravi. Nastavitve za pi\u0161kotke lahko nadzirate in spreminjate v va\u0161em spletnem brskalniku.<\/p>\n<p>Za informacije o nastavitvah za pi\u0161kotke izberite spletni brskalnik, ki ga uporabljate.<\/p>\n<ul>\n<li><a href=\"https:\/\/support.google.com\/chrome\/answer\/95647?hl=sl-sl&amp;p=cpn_cookies\" target=\"_blank\" rel=\"noopener noreferrer\">Chrome<\/a><\/li>\n<li><a href=\"https:\/\/support.mozilla.org\/sl\/kb\/Kako%20aktivirate%20in%20deaktivirate%20pi%C5%A1kote\" target=\"_blank\" rel=\"noopener noreferrer\">Firefox<\/a><\/li>\n<li><a href=\"https:\/\/www.opera.com\/help\/tutorials\/security\/cookies\/\" target=\"_blank\" rel=\"noopener noreferrer\">Opera<\/a><\/li>\n<li><a href=\"https:\/\/windows.microsoft.com\/sl-si\/windows7\/how-to-manage-cookies-in-internet-explorer-9\" target=\"_blank\" rel=\"noopener noreferrer\">Internet Explorer 9<\/a><\/li>\n<li><a href=\"https:\/\/windows.microsoft.com\/sl-si\/windows-vista\/block-or-allow-cookies\" target=\"_blank\" rel=\"noopener noreferrer\">Internet Explorer 7 in 8<\/a><\/li>\n<li><a href=\"https:\/\/support.apple.com\/kb\/PH11913\" target=\"_blank\" rel=\"noopener noreferrer\">Safari<\/a><\/li>\n<\/ul>\n<p>\u010ce spremenite ali izbri\u0161ete brskalnikovo datoteko s pi\u0161kotki, spremenite ali nagradite va\u0161 brskalnik ali napravo, boste morda morali ponovno onemogo\u010diti pi\u0161kotke. Postopek za upravljanje in brisanje pi\u0161kotkov se razlikuje od brskalnika do brskalnika. \u010ce pri tem potrebujete pomo\u010d, lahko pogledate v brskalnikovi pomo\u010di uporabnikom. Sledenju Google Analytics lahko onemogo\u010dite tudi na naslednji&nbsp;<a href=\"https:\/\/tools.google.com\/dlpage\/gaoptout\" target=\"_blank\" rel=\"noopener noreferrer\">povezavi<\/a>.<\/p>\n<h3 data-fontsize=\"28\" data-lineheight=\"42\">Katere osebne podatke zbiramo in zakaj? \u2013 Spletni obrazci za vpisovanje e-po\u0161tnega naslova<\/h3>\n<p data-fontsize=\"28\" data-lineheight=\"42\">S posredovanjem oz. izpolnitvijo obrazca za vpis osebnega e-po\u0161tnega naslova izjavljam, da sem seznanjen in sogla\u0161am ter izrecno dovoljujem Skupini Novogradnje Maribor, da zbira in obdeluje moje osebne podatke, ki sem jih vnesel v obrazec (v nadaljevanju: podatki), za namene prejema in obdelave mojega zanimanja ter vzpostavitve kontakta oz. komunikacije, za namene obve\u0161\u010danja o \u017eeljenih projektih ter predmetih prodaje. Skupina Novogradnje Maribor pridobljene osebne podatke zbira in obdeluje v skladu z dolo\u010dbami zakona, ki ureja varstvo osebnih podatkov.<\/p>\n<\/div>\n<\/div><\/div><\/div><\/div><\/div>\n","protected":false},"excerpt":{"rendered":"","protected":false},"author":11,"featured_media":0,"parent":0,"menu_order":0,"comment_status":"closed","ping_status":"closed","template":"","meta":{"footnotes":""},"class_list":["post-203","page","type-page","status-publish","hentry"],"acf":[],"_links":{"self":[{"href":"https:\/\/novogradnje-maribor.si\/novi-vrtovi-2\/wp-json\/wp\/v2\/pages\/203","targetHints":{"allow":["GET"]}}],"collection":[{"href":"https:\/\/novogradnje-maribor.si\/novi-vrtovi-2\/wp-json\/wp\/v2\/pages"}],"about":[{"href":"https:\/\/novogradnje-maribor.si\/novi-vrtovi-2\/wp-json\/wp\/v2\/types\/page"}],"author":[{"embeddable":true,"href":"https:\/\/novogradnje-maribor.si\/novi-vrtovi-2\/wp-json\/wp\/v2\/users\/11"}],"replies":[{"embeddable":true,"href":"https:\/\/novogradnje-maribor.si\/novi-vrtovi-2\/wp-json\/wp\/v2\/comments?post=203"}],"version-history":[{"count":4,"href":"https:\/\/novogradnje-maribor.si\/novi-vrtovi-2\/wp-json\/wp\/v2\/pages\/203\/revisions"}],"predecessor-version":[{"id":16913,"href":"https:\/\/novogradnje-maribor.si\/novi-vrtovi-2\/wp-json\/wp\/v2\/pages\/203\/revisions\/16913"}],"wp:attachment":[{"href":"https:\/\/novogradnje-maribor.si\/novi-vrtovi-2\/wp-json\/wp\/v2\/media?parent=203"}],"curies":[{"name":"wp","href":"https:\/\/api.w.org\/{rel}","templated":true}]}}