{"id":3479,"date":"2019-08-13T15:28:47","date_gmt":"2019-08-13T13:28:47","guid":{"rendered":"http:\/\/www.novogradnje-maribor.si\/novi-vrtovi\/?page_id=3479"},"modified":"2024-09-17T13:18:30","modified_gmt":"2024-09-17T11:18:30","slug":"financiranje","status":"publish","type":"page","link":"https:\/\/novogradnje-maribor.si\/novi-vrtovi-2-blok-e-h\/financiranje\/","title":{"rendered":"FINANCIRANJE"},"content":{"rendered":"<p><div class=\"fusion-fullwidth fullwidth-box fusion-builder-row-1 has-pattern-background has-mask-background nonhundred-percent-fullwidth non-hundred-percent-height-scrolling\" style=\"--awb-border-radius-top-left:0px;--awb-border-radius-top-right:0px;--awb-border-radius-bottom-right:0px;--awb-border-radius-bottom-left:0px;\" ><div class=\"fusion-builder-row fusion-row\"><div class=\"fusion-layout-column fusion_builder_column fusion-builder-column-0 fusion_builder_column_1_1 1_1 fusion-one-full fusion-column-first fusion-column-last\" style=\"--awb-bg-size:cover;--awb-margin-top:40PX;\" data-motion-effects=\"[{&quot;type&quot;:&quot;&quot;,&quot;scroll_type&quot;:&quot;transition&quot;,&quot;scroll_direction&quot;:&quot;up&quot;,&quot;transition_speed&quot;:&quot;1&quot;,&quot;fade_type&quot;:&quot;in&quot;,&quot;scale_type&quot;:&quot;up&quot;,&quot;initial_scale&quot;:&quot;1&quot;,&quot;max_scale&quot;:&quot;1.5&quot;,&quot;min_scale&quot;:&quot;0.5&quot;,&quot;initial_rotate&quot;:&quot;0&quot;,&quot;end_rotate&quot;:&quot;30&quot;,&quot;initial_blur&quot;:&quot;0&quot;,&quot;end_blur&quot;:&quot;3&quot;,&quot;start_element&quot;:&quot;top&quot;,&quot;start_viewport&quot;:&quot;bottom&quot;,&quot;end_element&quot;:&quot;bottom&quot;,&quot;end_viewport&quot;:&quot;top&quot;,&quot;mouse_effect&quot;:&quot;track&quot;,&quot;mouse_effect_direction&quot;:&quot;opposite&quot;,&quot;mouse_effect_speed&quot;:&quot;2&quot;,&quot;infinite_animation&quot;:&quot;float&quot;,&quot;infinite_animation_speed&quot;:&quot;2&quot;}]\" data-scroll-devices=\"small-visibility,medium-visibility,large-visibility\"><div class=\"fusion-column-wrapper fusion-column-has-shadow fusion-flex-column-wrapper-legacy\"><div class=\"fusion-text fusion-text-1\"><p><strong>Vas do sanjskega doma lo\u010di le en korak?<\/strong><\/p>\n<p>Za nakup stanovanja iz na\u0161e ponudbe lahko izkoristite <strong>posebno ponudbo stanovanjskega kredita OTP Banke. <\/strong>Ponujajo tudi mo\u017enost sklenitve <a href=\"https:\/\/www.otpbanka.si\/dokumentarni-akreditiv-za-fizicne-osebe\">dokumentarnega akreditiva,<\/a> ki vam omogo\u010da najem stanovanjskega kredita ob podpisu pogodbe za nakup, sredstva pa bodo nakazana izvajalcu, ko bodo izpolnjeni v akreditivu zapisani pogoji (ob prevzemu stanovanja).<\/p>\n<p>Za prve informacije in informativni izra\u010dun obi\u0161\u010dite spletno stran <a href=\"https:\/\/www.otpbanka.si\/stanovanjski-projekti-ponudba-kreditiranja\">TUKAJ.<\/a><\/p>\n<p>Stanovanjski kredit se lahko prilagodi va\u0161im \u017eeljam in potrebam, zato <strong>obi\u0161\u010dite strokovnjake <\/strong>v vam najbli\u017eji poslovalnici OTP Banke\u00a0 in pridobite sebi prilagojeno ponudbo.<\/p>\n<p>Za ve\u010d informacij vam je na voljo:<\/p>\n<p><strong>Andrej Vr\u0161i\u010d, Vodja poslovalnice Centrala MB<\/strong><\/p>\n<p>Mail: <a href=\"mailto:andrej.vrsic@otpbanka.si\">andrej.vrsic@otpbanka.si<\/a>, Tel.: 041 726 166<\/p>\n<p>Delovni \u010das: ponedeljek &#8211; petek: 8.00 &#8211; 16.30<\/p>\n<\/div><div class=\"fusion-clearfix\"><\/div><\/div><\/div><div class=\"fusion-layout-column fusion_builder_column fusion-builder-column-1 fusion_builder_column_1_1 1_1 fusion-one-full fusion-column-first fusion-column-last\" style=\"--awb-bg-size:cover;--awb-margin-top:25PX;--awb-margin-bottom:55PX;\" data-motion-effects=\"[{&quot;type&quot;:&quot;&quot;,&quot;scroll_type&quot;:&quot;transition&quot;,&quot;scroll_direction&quot;:&quot;up&quot;,&quot;transition_speed&quot;:&quot;1&quot;,&quot;fade_type&quot;:&quot;in&quot;,&quot;scale_type&quot;:&quot;up&quot;,&quot;initial_scale&quot;:&quot;1&quot;,&quot;max_scale&quot;:&quot;1.5&quot;,&quot;min_scale&quot;:&quot;0.5&quot;,&quot;initial_rotate&quot;:&quot;0&quot;,&quot;end_rotate&quot;:&quot;30&quot;,&quot;initial_blur&quot;:&quot;0&quot;,&quot;end_blur&quot;:&quot;3&quot;,&quot;start_element&quot;:&quot;top&quot;,&quot;start_viewport&quot;:&quot;bottom&quot;,&quot;end_element&quot;:&quot;bottom&quot;,&quot;end_viewport&quot;:&quot;top&quot;,&quot;mouse_effect&quot;:&quot;track&quot;,&quot;mouse_effect_direction&quot;:&quot;opposite&quot;,&quot;mouse_effect_speed&quot;:&quot;2&quot;,&quot;infinite_animation&quot;:&quot;float&quot;,&quot;infinite_animation_speed&quot;:&quot;2&quot;}]\" data-scroll-devices=\"small-visibility,medium-visibility,large-visibility\"><div class=\"fusion-column-wrapper fusion-column-has-shadow fusion-flex-column-wrapper-legacy\"><div class=\"fusion-column-content-centered\"><div class=\"fusion-column-content\"><div class=\"fusion-aligncenter\"><a class=\"fusion-button button-flat fusion-button-default-size button-custom fusion-button-default button-1 fusion-button-default-span fusion-button-default-type\" style=\"--button_accent_color:#ffffff;--button_accent_hover_color:#ffffff;--button_border_hover_color:#ffffff;--button_gradient_top_color:#52ae31;--button_gradient_bottom_color:#52ae31;--button_gradient_top_color_hover:#52ae31;--button_gradient_bottom_color_hover:#52ae31;\" target=\"_self\" href=\"https:\/\/www.otpbanka.si\/stanovanjski-projekti-ponudba-kreditiranja\"><span class=\"fusion-button-text\">PREVERITE VE\u010c<\/span><\/a><\/div><\/div><\/div><div class=\"fusion-clearfix\"><\/div><\/div><\/div><div class=\"fusion-layout-column fusion_builder_column fusion-builder-column-2 fusion_builder_column_1_1 1_1 fusion-one-full fusion-column-first fusion-column-last\" style=\"--awb-bg-size:cover;\"><div class=\"fusion-column-wrapper fusion-column-has-shadow fusion-flex-column-wrapper-legacy\"><div class=\"fusion-image-element fusion-image-align-center in-legacy-container\" style=\"text-align:center;--awb-margin-top:1%;--awb-caption-title-font-family:var(--h2_typography-font-family);--awb-caption-title-font-weight:var(--h2_typography-font-weight);--awb-caption-title-font-style:var(--h2_typography-font-style);--awb-caption-title-size:var(--h2_typography-font-size);--awb-caption-title-transform:var(--h2_typography-text-transform);--awb-caption-title-line-height:var(--h2_typography-line-height);--awb-caption-title-letter-spacing:var(--h2_typography-letter-spacing);\"><div class=\"imageframe-align-center\"><span class=\" fusion-imageframe imageframe-none imageframe-1 hover-type-none\" class=\"image-scroll\"><a class=\"fusion-no-lightbox\" href=\"https:\/\/www.otpbanka.si\/stanovanjski-projekti-ponudba-kreditiranja\" target=\"_self\" aria-label=\"OTPbanka_log_CM\"><img decoding=\"async\" width=\"313\" height=\"61\" src=\"https:\/\/novogradnje-maribor.si\/novi-vrtovi-2-blok-e-h\/wp-content\/uploads\/2024\/09\/OTPbanka_log_CM.jpg\" alt class=\"img-responsive wp-image-11180\" srcset=\"https:\/\/novogradnje-maribor.si\/novi-vrtovi-2-blok-e-h\/wp-content\/uploads\/2024\/09\/OTPbanka_log_CM-200x39.jpg 200w, https:\/\/novogradnje-maribor.si\/novi-vrtovi-2-blok-e-h\/wp-content\/uploads\/2024\/09\/OTPbanka_log_CM.jpg 313w\" sizes=\"(max-width: 800px) 100vw, 313px\" \/><\/a><\/span><\/div><\/div><div class=\"fusion-clearfix\"><\/div><\/div><\/div><\/div><\/div><div class=\"fusion-fullwidth fullwidth-box fusion-builder-row-2 fusion-flex-container has-pattern-background has-mask-background nonhundred-percent-fullwidth non-hundred-percent-height-scrolling\" style=\"--awb-border-radius-top-left:0px;--awb-border-radius-top-right:0px;--awb-border-radius-bottom-right:0px;--awb-border-radius-bottom-left:0px;\" ><div class=\"fusion-builder-row fusion-row fusion-flex-align-items-flex-start\" style=\"max-width:1237.6px;margin-left: calc(-4% \/ 2 );margin-right: calc(-4% \/ 2 );\"><\/div><\/div><\/p>\n","protected":false},"excerpt":{"rendered":"","protected":false},"author":11,"featured_media":0,"parent":0,"menu_order":0,"comment_status":"closed","ping_status":"closed","template":"","meta":{"footnotes":""},"_links":{"self":[{"href":"https:\/\/novogradnje-maribor.si\/novi-vrtovi-2-blok-e-h\/wp-json\/wp\/v2\/pages\/3479"}],"collection":[{"href":"https:\/\/novogradnje-maribor.si\/novi-vrtovi-2-blok-e-h\/wp-json\/wp\/v2\/pages"}],"about":[{"href":"https:\/\/novogradnje-maribor.si\/novi-vrtovi-2-blok-e-h\/wp-json\/wp\/v2\/types\/page"}],"author":[{"embeddable":true,"href":"https:\/\/novogradnje-maribor.si\/novi-vrtovi-2-blok-e-h\/wp-json\/wp\/v2\/users\/11"}],"replies":[{"embeddable":true,"href":"https:\/\/novogradnje-maribor.si\/novi-vrtovi-2-blok-e-h\/wp-json\/wp\/v2\/comments?post=3479"}],"version-history":[{"count":0,"href":"https:\/\/novogradnje-maribor.si\/novi-vrtovi-2-blok-e-h\/wp-json\/wp\/v2\/pages\/3479\/revisions"}],"wp:attachment":[{"href":"https:\/\/novogradnje-maribor.si\/novi-vrtovi-2-blok-e-h\/wp-json\/wp\/v2\/media?parent=3479"}],"curies":[{"name":"wp","href":"https:\/\/api.w.org\/{rel}","templated":true}]}}