{"id":2671,"date":"2019-02-21T11:24:38","date_gmt":"2019-02-21T10:24:38","guid":{"rendered":"http:\/\/www.novogradnje-maribor.si\/novi-vrtovi\/potek-gradnje-copy-copy\/"},"modified":"2024-01-04T10:52:41","modified_gmt":"2024-01-04T09:52:41","slug":"kontakt","status":"publish","type":"page","link":"https:\/\/novogradnje-maribor.si\/novi-vrtovi-2-blok-e-h\/kontakt\/","title":{"rendered":"KONTAKT"},"content":{"rendered":"<p><div class=\"fusion-fullwidth fullwidth-box fusion-builder-row-1 fusion-parallax-none nonhundred-percent-fullwidth non-hundred-percent-height-scrolling\" style=\"--awb-border-radius-top-left:0px;--awb-border-radius-top-right:0px;--awb-border-radius-bottom-right:0px;--awb-border-radius-bottom-left:0px;--awb-padding-top:280px;--awb-background-image:url(&quot;http:\/\/www.novogradnje-maribor.si\/novi-vrtovi\/wp-content\/uploads\/2019\/01\/lokacija-ozadje.jpg&quot;);--awb-background-size:cover;\" ><div class=\"fusion-builder-row fusion-row\"><div class=\"fusion-layout-column fusion_builder_column fusion-builder-column-0 fusion_builder_column_1_5 1_5 fusion-one-fifth fusion-column-first\" style=\"--awb-bg-blend:overlay;--awb-bg-size:cover;--awb-margin-bottom:0px;width:20%;width:calc(20% - ( ( 4% + 4% ) * 0.2 ) );margin-right: 4%;\"><div class=\"fusion-column-wrapper fusion-flex-column-wrapper-legacy\"><div class=\"fusion-clearfix\"><\/div><\/div><\/div><div class=\"fusion-layout-column fusion_builder_column fusion-builder-column-1 fusion_builder_column_3_5 3_5 fusion-three-fifth\" style=\"--awb-padding-top:1px;--awb-padding-right:15px;--awb-padding-bottom:10px;--awb-padding-left:15px;--awb-bg-color:#4f4a47;--awb-bg-color-hover:#4f4a47;--awb-bg-size:cover;--awb-margin-bottom:0px;width:60%;width:calc(60% - ( ( 4% + 4% ) * 0.6 ) );margin-right: 4%;\"><div class=\"fusion-column-wrapper fusion-flex-column-wrapper-legacy\"><div class=\"fusion-text fusion-text-1\"><h1 style=\"text-align: center; font-style: normal;\"><span style=\"color: #ddc2a4;\">KONTAKT<\/span><\/h1>\n<\/div><div class=\"fusion-clearfix\"><\/div><\/div><\/div><div class=\"fusion-layout-column fusion_builder_column fusion-builder-column-2 fusion_builder_column_1_5 1_5 fusion-one-fifth fusion-column-last\" style=\"--awb-bg-blend:overlay;--awb-bg-size:cover;--awb-margin-bottom:0px;width:20%;width:calc(20% - ( ( 4% + 4% ) * 0.2 ) );\"><div class=\"fusion-column-wrapper fusion-flex-column-wrapper-legacy\"><div class=\"fusion-clearfix\"><\/div><\/div><\/div><\/div><\/div><div class=\"fusion-fullwidth fullwidth-box fusion-builder-row-2 fusion-flex-container has-pattern-background has-mask-background hundred-percent-fullwidth non-hundred-percent-height-scrolling fusion-no-small-visibility fusion-no-medium-visibility\" style=\"--awb-border-radius-top-left:0px;--awb-border-radius-top-right:0px;--awb-border-radius-bottom-right:0px;--awb-border-radius-bottom-left:0px;--awb-margin-bottom:-38px;\" ><div class=\"fusion-builder-row fusion-row fusion-flex-align-items-center fusion-flex-justify-content-center\" style=\"width:104% !important;max-width:104% !important;margin-left: calc(-4% \/ 2 );margin-right: calc(-4% \/ 2 );\"><div class=\"fusion-layout-column fusion_builder_column fusion-builder-column-3 fusion_builder_column_2_3 2_3 fusion-flex-column\" style=\"--awb-bg-size:cover;--awb-width-large:66.666666666667%;--awb-margin-top-large:0px;--awb-spacing-right-large:0%;--awb-margin-bottom-large:0px;--awb-spacing-left-large:0%;--awb-width-medium:100%;--awb-order-medium:0;--awb-spacing-right-medium:1.92%;--awb-spacing-left-medium:1.92%;--awb-width-small:100%;--awb-order-small:0;--awb-spacing-right-small:1.92%;--awb-spacing-left-small:1.92%;\"><div class=\"fusion-column-wrapper fusion-column-has-shadow fusion-flex-justify-content-flex-start fusion-content-layout-column\"><div class=\"fusion-image-element \" style=\"--awb-caption-title-font-family:var(--h2_typography-font-family);--awb-caption-title-font-weight:var(--h2_typography-font-weight);--awb-caption-title-font-style:var(--h2_typography-font-style);--awb-caption-title-size:var(--h2_typography-font-size);--awb-caption-title-transform:var(--h2_typography-text-transform);--awb-caption-title-line-height:var(--h2_typography-line-height);--awb-caption-title-letter-spacing:var(--h2_typography-letter-spacing);\"><span class=\" fusion-imageframe imageframe-none imageframe-1 hover-type-none\" class=\"image-magnify\" class=\"image-scroll\"><img decoding=\"async\" width=\"1920\" height=\"1282\" title=\"PISARNA 01_preurejena\" src=\"https:\/\/novogradnje-maribor.si\/novi-vrtovi-2-blok-e-h\/wp-content\/uploads\/2023\/06\/PISARNA-01_preurejena.jpg\" alt class=\"img-responsive wp-image-9145\" srcset=\"https:\/\/novogradnje-maribor.si\/novi-vrtovi-2-blok-e-h\/wp-content\/uploads\/2023\/06\/PISARNA-01_preurejena-200x134.jpg 200w, https:\/\/novogradnje-maribor.si\/novi-vrtovi-2-blok-e-h\/wp-content\/uploads\/2023\/06\/PISARNA-01_preurejena-400x267.jpg 400w, https:\/\/novogradnje-maribor.si\/novi-vrtovi-2-blok-e-h\/wp-content\/uploads\/2023\/06\/PISARNA-01_preurejena-600x401.jpg 600w, https:\/\/novogradnje-maribor.si\/novi-vrtovi-2-blok-e-h\/wp-content\/uploads\/2023\/06\/PISARNA-01_preurejena-800x534.jpg 800w, https:\/\/novogradnje-maribor.si\/novi-vrtovi-2-blok-e-h\/wp-content\/uploads\/2023\/06\/PISARNA-01_preurejena-1200x801.jpg 1200w, https:\/\/novogradnje-maribor.si\/novi-vrtovi-2-blok-e-h\/wp-content\/uploads\/2023\/06\/PISARNA-01_preurejena.jpg 1920w\" sizes=\"(max-width: 1024px) 100vw, (max-width: 640px) 100vw, 800px\" \/><\/span><\/div><\/div><\/div><div class=\"fusion-layout-column fusion_builder_column fusion-builder-column-4 fusion_builder_column_1_3 1_3 fusion-flex-column\" style=\"--awb-bg-size:cover;--awb-width-large:33.333333333333%;--awb-margin-top-large:0px;--awb-spacing-right-large:0%;--awb-margin-bottom-large:20px;--awb-spacing-left-large:0%;--awb-width-medium:100%;--awb-order-medium:0;--awb-spacing-right-medium:1.92%;--awb-spacing-left-medium:1.92%;--awb-width-small:100%;--awb-order-small:0;--awb-spacing-right-small:1.92%;--awb-spacing-left-small:1.92%;\"><div class=\"fusion-column-wrapper fusion-column-has-shadow fusion-flex-justify-content-flex-start fusion-content-layout-column\"><div class=\"fusion-text fusion-text-2\"><h5 style=\"text-align: center;\"><strong>Prodaja stanovanj<\/strong><\/h5>\n<p style=\"text-align: center;\"><a href=\"https:\/\/goo.gl\/maps\/Kioeu5zsXgEM1gSc9\"><strong>Maribor, Glavni trg 18<br \/>\n<\/strong><\/a><strong><a href=\"tel:031 824 000\">031 824 000<\/a> \u00a0 \u00a0<a href=\"tel:031 442 999\">031 442 999<\/a><br \/>\n<a href=\"mailto:novivrtovi@novogradnje-maribor.si\">novivrtovi@novogradnje-maribor.si<\/a><\/strong><\/p>\n<p style=\"text-align: center;\">PONEDELJEK od 8:00 do 17:00 ure<br \/>\nTOREK &#8211; PETEK od 8:00 do 16:00 ure<\/p>\n<p style=\"text-align: center;\">Ob obisku vam omogo\u010damo brezpla\u010dno parkiranje v podzemni gara\u017ei na Glavnem trgu.<\/p>\n<\/div><\/div><\/div><\/div><\/div><div class=\"fusion-fullwidth fullwidth-box fusion-builder-row-3 fusion-flex-container has-pattern-background has-mask-background hundred-percent-fullwidth non-hundred-percent-height-scrolling fusion-no-large-visibility\" style=\"--awb-border-radius-top-left:0px;--awb-border-radius-top-right:0px;--awb-border-radius-bottom-right:0px;--awb-border-radius-bottom-left:0px;\" ><div class=\"fusion-builder-row fusion-row fusion-flex-align-items-center fusion-flex-justify-content-center\" style=\"width:104% !important;max-width:104% !important;margin-left: calc(-4% \/ 2 );margin-right: calc(-4% \/ 2 );\"><div class=\"fusion-layout-column fusion_builder_column fusion-builder-column-5 fusion_builder_column_1_3 1_3 fusion-flex-column\" style=\"--awb-bg-size:cover;--awb-width-large:33.333333333333%;--awb-margin-top-large:0px;--awb-spacing-right-large:0%;--awb-margin-bottom-large:20px;--awb-spacing-left-large:0%;--awb-width-medium:100%;--awb-order-medium:0;--awb-spacing-right-medium:1.92%;--awb-spacing-left-medium:1.92%;--awb-width-small:100%;--awb-order-small:0;--awb-spacing-right-small:1.92%;--awb-spacing-left-small:1.92%;\"><div class=\"fusion-column-wrapper fusion-column-has-shadow fusion-flex-justify-content-flex-start fusion-content-layout-column\"><div class=\"fusion-text fusion-text-3\"><h5 style=\"text-align: center;\"><strong>Prodaja stanovanj<\/strong><\/h5>\n<p style=\"text-align: center;\"><a href=\"https:\/\/goo.gl\/maps\/Kioeu5zsXgEM1gSc9\"><strong>Maribor, Glavni trg 18<br \/>\n<\/strong><\/a><strong><a href=\"tel:031 824 000\">031 824 000<\/a> \u00a0 \u00a0<a href=\"tel:031 442 999\">031 442 999<\/a><br \/>\n<a href=\"mailto:novivrtovi@novogradnje-maribor.si\">novivrtovi@novogradnje-maribor.si<\/a><\/strong><\/p>\n<p style=\"text-align: center;\">PONEDELJEK od 8:00 do 17:00 ure<br \/>\nTOREK &#8211; PETEK od 8:00 do 16:00 ure<\/p>\n<p style=\"text-align: center;\">Ob obisku vam omogo\u010damo brezpla\u010dno parkiranje v podzemni gara\u017ei na Glavnem trgu.<\/p>\n<\/div><\/div><\/div><\/div><\/div><div class=\"fusion-fullwidth fullwidth-box fusion-builder-row-4 fusion-flex-container has-pattern-background has-mask-background nonhundred-percent-fullwidth non-hundred-percent-height-scrolling\" style=\"--awb-border-radius-top-left:0px;--awb-border-radius-top-right:0px;--awb-border-radius-bottom-right:0px;--awb-border-radius-bottom-left:0px;--awb-padding-top:50px;\" ><div class=\"fusion-builder-row fusion-row fusion-flex-align-items-flex-start\" style=\"max-width:1237.6px;margin-left: calc(-4% \/ 2 );margin-right: calc(-4% \/ 2 );\"><div class=\"fusion-layout-column fusion_builder_column fusion-builder-column-6 fusion_builder_column_1_1 1_1 fusion-flex-column\" style=\"--awb-bg-size:cover;--awb-width-large:100%;--awb-margin-top-large:0px;--awb-spacing-right-large:1.92%;--awb-margin-bottom-large:20px;--awb-spacing-left-large:1.92%;--awb-width-medium:100%;--awb-order-medium:0;--awb-spacing-right-medium:1.92%;--awb-spacing-left-medium:1.92%;--awb-width-small:100%;--awb-order-small:0;--awb-spacing-right-small:1.92%;--awb-spacing-left-small:1.92%;\"><div class=\"fusion-column-wrapper fusion-column-has-shadow fusion-flex-justify-content-flex-start fusion-content-layout-column\"><h1 style=\"text-align:center; margin:10px 0 0 0\">Parkirna hi\u0161a (Parking space)<\/h1>\n<h3 style=\"text-align:center; margin:0 0 10px 0\">Za vstop pokli\u010dite: 031 442 999<\/h3><style>\n  #map {\n    width: 100%;\n    height: 700px;\n  }\n  @media only screen and (max-width: 600px) {\n    #map {\n      height: 400px;\n    }\n  }\n<\/style>\n \n<div id=\"map\"><\/div>\n\n    <script>\n      function initMap() {\n        var myLatLng = { lat: 46.557641, lng: 15.647374};\n        var startZoom = 15;\n        var endZoom = 25;\n        var zoomDuration = 10000;\n        var streetViewDelay = 10000;\n\n        var map = new google.maps.Map(document.getElementById('map'), {\n          zoom: startZoom,\n          center: myLatLng,\n          mapTypeId: google.maps.MapTypeId.SATELLITE\n        });\n\n        var marker = new google.maps.Marker({\n          position: myLatLng,\n          map: map,\n          title: 'My Location'\n        });\n\n        var currentZoom = startZoom;\n        var zoomStep = (endZoom - startZoom) \/ (zoomDuration \/ 100);\n        var zoomInterval;\n\n        var options = {\n          root: null,\n          rootMargin: '0px',\n          threshold: 0.5\n        };\n\n        var observer = new IntersectionObserver(function(entries, observer) {\n          entries.forEach(function(entry) {\n            if (entry.isIntersecting) {\n              clearInterval(zoomInterval);\n\n              zoomInterval = setInterval(function() {\n                currentZoom += zoomStep;\n                map.setZoom(currentZoom);\n\n                if (currentZoom >= endZoom) {\n                  clearInterval(zoomInterval);\n                }\n              }, 100);\n\n              observer.unobserve(entry.target);\n            }\n          });\n        }, options);\n\n        observer.observe(document.getElementById('map'));\n\n        setTimeout(function() {\n          var panorama = new google.maps.StreetViewPanorama(document.getElementById('map'), {\n            position: myLatLng,\n            pov: {\n              heading: 0,\n              pitch: 0\n            },\n            zoom: 0\n          });\n          map.setStreetView(panorama);\n\n          var streetViewMarker = new google.maps.Marker({\n            position: myLatLng,\n            map: panorama,\n            title: 'Gara\u017ea (Parking)'\n          });\n\n          var infowindow = new google.maps.InfoWindow({\n            content: 'Gara\u017ea (Parking)' \/\/ Content to display in the InfoWindow\n          });\n\n          infowindow.open(panorama, streetViewMarker);\n        }, streetViewDelay);\n      }\n    <\/script>\n    <!-- Include the Google Maps API script -->\n    <script async defer src=\"https:\/\/maps.googleapis.com\/maps\/api\/js?key=AIzaSyCc_G23i1__QWEeJjEATqiiONbkfZr8018&callback=initMap\"><\/script><\/div><\/div><\/div><\/div><\/p>\n","protected":false},"excerpt":{"rendered":"","protected":false},"author":11,"featured_media":0,"parent":0,"menu_order":0,"comment_status":"closed","ping_status":"closed","template":"100-width.php","meta":{"footnotes":""},"_links":{"self":[{"href":"https:\/\/novogradnje-maribor.si\/novi-vrtovi-2-blok-e-h\/wp-json\/wp\/v2\/pages\/2671"}],"collection":[{"href":"https:\/\/novogradnje-maribor.si\/novi-vrtovi-2-blok-e-h\/wp-json\/wp\/v2\/pages"}],"about":[{"href":"https:\/\/novogradnje-maribor.si\/novi-vrtovi-2-blok-e-h\/wp-json\/wp\/v2\/types\/page"}],"author":[{"embeddable":true,"href":"https:\/\/novogradnje-maribor.si\/novi-vrtovi-2-blok-e-h\/wp-json\/wp\/v2\/users\/11"}],"replies":[{"embeddable":true,"href":"https:\/\/novogradnje-maribor.si\/novi-vrtovi-2-blok-e-h\/wp-json\/wp\/v2\/comments?post=2671"}],"version-history":[{"count":0,"href":"https:\/\/novogradnje-maribor.si\/novi-vrtovi-2-blok-e-h\/wp-json\/wp\/v2\/pages\/2671\/revisions"}],"wp:attachment":[{"href":"https:\/\/novogradnje-maribor.si\/novi-vrtovi-2-blok-e-h\/wp-json\/wp\/v2\/media?parent=2671"}],"curies":[{"name":"wp","href":"https:\/\/api.w.org\/{rel}","templated":true}]}}