
{"id":1986,"date":"2021-06-08T15:34:13","date_gmt":"2021-06-08T13:34:13","guid":{"rendered":"https:\/\/novogradnje-maribor.si\/dravski-kristali\/?page_id=1986"},"modified":"2026-02-17T12:46:38","modified_gmt":"2026-02-17T11:46:38","slug":"financiranje","status":"publish","type":"page","link":"https:\/\/novogradnje-maribor.si\/dravski-kristali\/financiranje\/","title":{"rendered":"FINANCIRANJE"},"content":{"rendered":"<div class=\"fusion-fullwidth fullwidth-box fusion-builder-row-1 fusion-flex-container nonhundred-percent-fullwidth non-hundred-percent-height-scrolling\" style=\"background-color: rgba(255,255,255,0);background-position: center center;background-repeat: no-repeat;border-width: 0px 0px 0px 0px;border-color:#eae9e9;border-style:solid;\" ><div class=\"fusion-builder-row fusion-row fusion-flex-align-items-flex-start\" style=\"max-width:1237.6px;margin-left: calc(-4% \/ 2 );margin-right: calc(-4% \/ 2 );\"><div class=\"fusion-layout-column fusion_builder_column fusion-builder-column-0 fusion_builder_column_1_1 1_1 fusion-flex-column fusion-flex-align-self-flex-start\"><div class=\"fusion-column-wrapper fusion-flex-justify-content-flex-start fusion-content-layout-column\" style=\"background-position:left top;background-repeat:no-repeat;-webkit-background-size:cover;-moz-background-size:cover;-o-background-size:cover;background-size:cover;padding: 0px 0px 0px 0px;\"><div class=\"fusion-text fusion-text-1\"><p><strong>Vas do sanjskega doma lo\u010di le en korak?<\/strong><\/p>\n<p>Za nakup stanovanja iz na\u0161e ponudbe lahko izkoristite\u00a0<strong>posebno ponudbo stanovanjskega kredita OTP Banke. <\/strong>Ponujajo tudi mo\u017enost sklenitve\u00a0<a href=\"https:\/\/www.otpbanka.si\/dokumentarni-akreditiv-za-fizicne-osebe\">dokumentarnega akreditiva,<\/a> ki vam omogo\u010da najem stanovanjskega kredita ob podpisu pogodbe za nakup, sredstva pa bodo nakazana izvajalcu, ko bodo izpolnjeni v akreditivu zapisani pogoji (ob prevzemu stanovanja).<\/p>\n<p>Za prve informacije in informativni izra\u010dun obi\u0161\u010dite spletno stran\u00a0<a href=\"https:\/\/www.otpbanka.si\/stanovanjski-projekti-ponudba-kreditiranja\">www.otpbanka.si\/stanovanjski-projekti-ponudba-kreditiranja<\/a><\/p>\n<p>Stanovanjski kredit se lahko prilagodi va\u0161im \u017eeljam in potrebam, zato\u00a0<strong>obi\u0161\u010dite strokovnjake\u00a0<\/strong>v vam najbli\u017eji poslovalnici OTP Banke in pridobite sebi prilagojeno ponudbo.<\/p>\n<p>Za ve\u010d informacij vam je na voljo:<\/p>\n<p><strong>Andrej Vr\u0161i\u010d, Vodja poslovalnice Centrala MB<\/strong><\/p>\n<p>Mail:\u00a0<a href=\"mailto: andrej.vrsic@otpbanka.si,\">andrej.vrsic@otpbanka.si,<\/a> Tel.: 041 726 166<\/p>\n<p>Delovni \u010das: ponedeljek &#8211; petek: 8.00 &#8211; 16.30<\/p>\n<\/div><\/div><style type=\"text\/css\">.fusion-body .fusion-builder-column-0{width:100% !important;margin-top : -30PX;margin-bottom : 20px;}.fusion-builder-column-0 > .fusion-column-wrapper {padding-top : 0px !important;padding-right : 0px !important;margin-right : 1.92%;padding-bottom : 0px !important;padding-left : 0px !important;margin-left : 1.92%;}@media only screen and (max-width:1024px) {.fusion-body .fusion-builder-column-0{width:100% !important;order : 0;}.fusion-builder-column-0 > .fusion-column-wrapper {margin-right : 1.92%;margin-left : 1.92%;}}@media only screen and (max-width:640px) {.fusion-body .fusion-builder-column-0{width:100% !important;order : 0;}.fusion-builder-column-0 > .fusion-column-wrapper {margin-right : 1.92%;margin-left : 1.92%;}}<\/style><\/div><div class=\"fusion-layout-column fusion_builder_column fusion-builder-column-1 fusion_builder_column_1_1 1_1 fusion-flex-column fusion-flex-align-self-center\"><div class=\"fusion-column-wrapper fusion-flex-justify-content-center fusion-content-layout-column\" style=\"background-position:left top;background-repeat:no-repeat;-webkit-background-size:cover;-moz-background-size:cover;-o-background-size:cover;background-size:cover;padding: 0px 0px 0px 0px;\"><div class=\"fusion-text fusion-text-2 fusion-text-no-margin\" style=\"margin-top:25PX;margin-bottom:45PX;\"><span class='mb-center maxbutton-17-center'><span class='maxbutton-17-container mb-container'><a class=\"maxbutton-17 maxbutton maxbutton-precerite-vec\" target=\"_blank\" rel=\"noopener\" href=\"https:\/\/www.otpbanka.si\/stanovanjski-projekti-ponudba-kreditiranja\"><span class='mb-text'>PREVERITE VE\u010c<\/span><\/a><\/span><\/span>\n<\/div><div style=\"text-align:center;\"><span class=\" fusion-imageframe imageframe-none imageframe-1 hover-type-none\"><a class=\"fusion-no-lightbox\" href=\"https:\/\/www.otpbanka.si\/stanovanjski-projekti-ponudba-kreditiranja\" target=\"_self\" aria-label=\"OTPbanka_log_CM\"><img decoding=\"async\" width=\"313\" height=\"61\" src=\"https:\/\/novogradnje-maribor.si\/dravski-kristali\/wp-content\/uploads\/2024\/09\/OTPbanka_log_CM.jpg\" data-orig-src=\"https:\/\/novogradnje-maribor.si\/dravski-kristali\/wp-content\/uploads\/2024\/09\/OTPbanka_log_CM.jpg\" alt class=\"lazyload img-responsive wp-image-9524\" srcset=\"data:image\/svg+xml,%3Csvg%20xmlns%3D%27http%3A%2F%2Fwww.w3.org%2F2000%2Fsvg%27%20width%3D%27313%27%20height%3D%2761%27%20viewBox%3D%270%200%20313%2061%27%3E%3Crect%20width%3D%27313%27%20height%3D%2761%27%20fill-opacity%3D%220%22%2F%3E%3C%2Fsvg%3E\" data-srcset=\"https:\/\/novogradnje-maribor.si\/dravski-kristali\/wp-content\/uploads\/2024\/09\/OTPbanka_log_CM-200x39.jpg 200w, https:\/\/novogradnje-maribor.si\/dravski-kristali\/wp-content\/uploads\/2024\/09\/OTPbanka_log_CM.jpg 313w\" data-sizes=\"auto\" data-orig-sizes=\"(max-width: 640px) 100vw, 313px\" \/><\/a><\/span><\/div><\/div><style type=\"text\/css\">.fusion-body .fusion-builder-column-1{width:100% !important;margin-top : 0px;margin-bottom : 20px;}.fusion-builder-column-1 > .fusion-column-wrapper {padding-top : 0px !important;padding-right : 0px !important;margin-right : 1.92%;padding-bottom : 0px !important;padding-left : 0px !important;margin-left : 1.92%;}@media only screen and (max-width:1024px) {.fusion-body .fusion-builder-column-1{width:100% !important;order : 0;}.fusion-builder-column-1 > .fusion-column-wrapper {margin-right : 1.92%;margin-left : 1.92%;}}@media only screen and (max-width:640px) {.fusion-body .fusion-builder-column-1{width:100% !important;order : 0;}.fusion-builder-column-1 > .fusion-column-wrapper {margin-right : 1.92%;margin-left : 1.92%;}}<\/style><\/div><\/div><style type=\"text\/css\">.fusion-body .fusion-flex-container.fusion-builder-row-1{ padding-top : 30px;margin-top : 50;padding-right : 0px;padding-bottom : 30px;margin-bottom : 50;padding-left : 0px;}<\/style><\/div>\n","protected":false},"excerpt":{"rendered":"","protected":false},"author":8,"featured_media":0,"parent":0,"menu_order":0,"comment_status":"closed","ping_status":"closed","template":"","meta":{"footnotes":""},"acf":[],"_links":{"self":[{"href":"https:\/\/novogradnje-maribor.si\/dravski-kristali\/wp-json\/wp\/v2\/pages\/1986"}],"collection":[{"href":"https:\/\/novogradnje-maribor.si\/dravski-kristali\/wp-json\/wp\/v2\/pages"}],"about":[{"href":"https:\/\/novogradnje-maribor.si\/dravski-kristali\/wp-json\/wp\/v2\/types\/page"}],"author":[{"embeddable":true,"href":"https:\/\/novogradnje-maribor.si\/dravski-kristali\/wp-json\/wp\/v2\/users\/8"}],"replies":[{"embeddable":true,"href":"https:\/\/novogradnje-maribor.si\/dravski-kristali\/wp-json\/wp\/v2\/comments?post=1986"}],"version-history":[{"count":29,"href":"https:\/\/novogradnje-maribor.si\/dravski-kristali\/wp-json\/wp\/v2\/pages\/1986\/revisions"}],"predecessor-version":[{"id":9589,"href":"https:\/\/novogradnje-maribor.si\/dravski-kristali\/wp-json\/wp\/v2\/pages\/1986\/revisions\/9589"}],"wp:attachment":[{"href":"https:\/\/novogradnje-maribor.si\/dravski-kristali\/wp-json\/wp\/v2\/media?parent=1986"}],"curies":[{"name":"wp","href":"https:\/\/api.w.org\/{rel}","templated":true}]}}